{"id":3575,"date":"2016-05-18T14:52:48","date_gmt":"2016-05-18T14:52:48","guid":{"rendered":"http:\/\/www.6profiscare.de\/?page_id=3575"},"modified":"2022-09-21T09:11:49","modified_gmt":"2022-09-21T09:11:49","slug":"care-impressum","status":"publish","type":"page","link":"https:\/\/www.6profiscare.de\/index.php\/care-impressum\/","title":{"rendered":"Impressum"},"content":{"rendered":"<div id=\"pl-3575\"  class=\"panel-layout\" ><div id=\"pg-3575-0\"  class=\"panel-grid panel-no-style\" ><div id=\"pgc-3575-0-0\"  class=\"panel-grid-cell\" ><div id=\"panel-3575-0-0-0\" class=\"so-panel widget widget_vr_banner aio-widget-banner panel-first-child\" data-index=\"0\" ><div class=\"aos-init panel-widget-style panel-widget-style-for-3575-0-0-0\" data-aos=\"fade-down\" data-aos-duration=\"300\" data-aos-easing=\"linear\" data-aos-anchor-placement=\"top-bottom\" data-aos-once=\"true\" >\t\t\r\n\t\t\t\t\t\t\t\t\r\n\t\t\t\t\t<article  class=\"banner-center clearfix \" >\r\n\t\t\t\t\t\t<div class=\"banner-inner\">\r\n\t\t\t\t\t\t\t<h2>Impressum<\/h2>\r\n\t\t\t\t\t\t\t\t\t\t\t\t\t\t\t\t\t\t\t\t<\/div>\r\n\t\t\t\t\t<\/article>\r\n\t\t\t\r\n\t\t\t\t\t\t\r\n\t\t\t<\/div><\/div><div id=\"panel-3575-0-0-1\" class=\"so-panel widget widget_sow-editor panel-last-child\" data-index=\"1\" ><div\n\t\t\t\n\t\t\tclass=\"so-widget-sow-editor so-widget-sow-editor-base\"\n\t\t\t\n\t\t>\n<div class=\"siteorigin-widget-tinymce textwidget\">\n\t<p>6profisCare ist eine ProduktInitiative von F\u00f6hles &amp; Simons GbR<\/p>\n<p>\u00a0<\/p>\n<p>Inhaltlich verantwortlich gem\u00e4\u00df TMG:<br \/> <strong>F\u00f6hles &amp; Simons<\/strong><br \/> Frank Simons<br \/>Von-Schaesberg-Weg 54<br \/>41379 Br\u00fcggen<br \/> Telefon: 02163 - 575 00 88<br \/> Telefax: 02163 - 575 00 99<br \/> E-Mail: Simons@fs-versicherung.de<br \/> <a href=\"http:\/\/www.fs-versicherung.de\/\">FS-Versicherung<\/a><\/p>\n<p>Autor, inhaltlich verantwortlich<br \/> Frank Simons<\/p>\n<p>Weitere Angaben nach Telemediengesetz<br \/> Zust\u00e4ndige Kammer:<br \/> Industrie- und Handelskammer Mittlerer Niederrhein Krefeld-M\u00f6nchengladbach-Neuss<br \/> Nordwall 39<br \/> 47798 Krefeld<br \/> Telefon: 02151\/635-0<br \/> Fax: 02151\/635-338<br \/> E-Mail: ihk@krefeld.ihk.de<br \/> Homepage:<a href=\"http:\/\/www.der-erotikversicherer.de\/www.mittlerer-niederrhein.ihk.de\"> www.mittlerer-niederrhein.ihk.de<\/a><br \/> Bezirke: die kreisfreien St\u00e4dte Krefeld und M\u00f6nchengladbach sowie die Kreise Neuss und Viersen M\u00f6nchengladbach<\/p>\n<p>Berufsrechtliche Regelungen:<\/p>\n<p>Eingetragene Berufsordnung:<br \/> Versicherungsmakler mit Erlaubnis nach \u00a734 d Abs. 1 GewO; Bundesrepublik Deutschland<\/p>\n<p>Mitglied der Industrie- und Handelskammer Mittlerer Niederrhein Krefeld-M\u00f6nchengladbach-Neuss<\/p>\n<p>Die berufsrechtlichen Regelungen k\u00f6nnen \u00fcber die vom Bundestministerium der Justiz und von der juris GmbH betriebenen Homepage www.gesetze-im-internet.de eingesehen und abgerufen werden.<\/p>\n<p>Vermittlerregister<br \/> Register-Nr. des Vermittlers: D-19FT-G7BFG-44<\/p>\n<p>Deutscher Industrie- und Handelskammertag (DIHK) e.V.<br \/> Breite Stra\u00dfe 29<br \/> 10178 Berlin<\/p>\n<p>Tel.: 0180-500585-0 (14 Cent\/Min. aus dem dt. Festnetz, h\u00f6chstens 42 Cent\/Min. aus Mobilfunknetzen)<br \/> Fax: 030\/203081000, E-Mail: infocenter@berlin.dihk.de<br \/> Registerabruf::<a href=\"http:\/\/www.vermittlerregister.info\"> http:\/\/www.vermittlerregister.info<\/a><\/p>\n<p>Haftungsbeschr\u00e4nkung<\/p>\n<p>Die Inhalte dieser Website werden mit gr\u00f6\u00dftm\u00f6glicher Sorgfalt erstellt. Der Anbieter \u00fcbernimmt jedoch keine Gew\u00e4hr f\u00fcr die Richtigkeit, Vollst\u00e4ndigkeit und Aktualit\u00e4t der bereitgestellten Inhalte. Die Nutzung der Inhalte der Website erfolgt auf eigene Gefahr des Nutzers. Namentlich gekennzeichnete Beitr\u00e4ge geben die Meinung des jeweiligen Autors und nicht immer die Meinung des Anbieters wieder. Mit der reinen Nutzung der Website des Anbieters kommt keinerlei Vertragsverh\u00e4ltnis zwischen dem Nutzer und dem Anbieter zustande.<\/p>\n<p>Externe Links<\/p>\n<p>Diese Website enth\u00e4lt Verkn\u00fcpfungen zu Websites Dritter (\"externe Links\"). Diese Websites unterliegen der Haftung der jeweiligen Betreiber. Der Anbieter hat bei der erstmaligen Verkn\u00fcpfung der externen Links die fremden Inhalte daraufhin \u00fcberpr\u00fcft, ob etwaige Rechtsverst\u00f6\u00dfe bestehen. Zu dem Zeitpunkt waren keine Rechtsverst\u00f6\u00dfe ersichtlich. Der Anbieter hat keinerlei Einfluss auf die aktuelle und zuk\u00fcnftige Gestaltung und auf die Inhalte der verkn\u00fcpften Seiten. Das Setzen von externen Links bedeutet nicht, dass sich der Anbieter die hinter dem Verweis oder Link liegenden Inhalte zu Eigen macht. Eine st\u00e4ndige Kontrolle der externen Links ist f\u00fcr den Anbieter ohne konkrete Hinweise auf Rechtsverst\u00f6\u00dfe nicht zumutbar. Bei Kenntnis von Rechtsverst\u00f6\u00dfen werden jedoch derartige externe Links unverz\u00fcglich gel\u00f6scht.<\/p>\n<p>Urheber- und Leistungsschutzrechte<\/p>\n<p>Die auf dieser Website ver\u00f6ffentlichten Inhalte unterliegen dem deutschen Urheber- und Leistungsschutzrecht. Jede vom deutschen Urheber- und Leistungsschutzrecht nicht zugelassene Verwertung bedarf der vorherigen schriftlichen Zustimmung des Anbieters oder jeweiligen Rechteinhabers. Dies gilt insbesondere f\u00fcr Vervielf\u00e4ltigung, Bearbeitung, \u00fcbersetzung, Einspeicherung, Verarbeitung bzw. Wiedergabe von Inhalten in Datenbanken oder anderen.<\/p>\n<p>Datenschutz<\/p>\n<p>1. Durch den Besuch unserer Website k\u00f6nnen Informationen \u00fcber den Zugriff (Datum, Uhrzeit, betrachtete Seite) gespeichert werden. Diese Daten geh\u00f6ren nicht zu den personenbezogenen Daten, sondern sind anonymisiert. Sie werden ausschlie\u00dflich zu statistischen Zwecken ausgewertet. Eine Weitergabe an Dritte, zu kommerziellen oder nichtkommerziellen Zwecken, findet nicht statt. Soweit Sie uns personenbezogene Daten zur Verf\u00fcgung gestellt haben, verwenden wir diese nur zur Beantwortung Ihrer Anfragen, zur Abwicklung mit Ihnen geschlossener Vertr\u00e4ge und f\u00fcr die technische Administration.<\/p>\n<p>2. Ihre pers\u00f6nlichen Daten werden gespeichert und nat\u00fcrlich auf Wunsch wieder gel\u00f6scht.Unter personenbezogenen Daten fallen Einzelangaben \u00fcber pers\u00f6nliche und sachliche Verh\u00e4ltnisse einer bestimmten oder bestimmbaren nat\u00fcrlichen Person (z.B. Name, Anschrift, Geburtsdatum, Beruf und Bankverbindung) aber auch sensitiven Daten (z.B. Gesundheitszustand, Einkommensverh\u00e4ltnisse und finanzielle Bonit\u00e4t). All diese Angaben unterliegen gem\u00e4\u00df BDSG (Bundesdatenschutzgesetz) einem besonderen Schutz, dem wir durch technische und organisatorische Ma\u00dfnahmen gerecht werden. Wir verkaufen oder vermieten keine personenbezogenen Daten an Dritte. Unser Unternehmen ist dem \u00a75 BDSG verpflichtet. Durch die Eingabe seiner Daten und die Absendung der Suchanfrage erteilt der Interessent nach \u00a73 TDDSG seine Einwilligung, dass die durch ihn eingegebenen Daten an die Versicherungsunternehmen und oder Finanzdienstleister \u00fcbermittelt werden.<\/p>\n<p>3. Sie haben das Recht, eine erteilte Einwilligung mit Wirkung f\u00fcr die Zukunft jederzeit zu widerrufen. Die L\u00f6schung der gespeicherten personenbezogenen Daten erfolgt, wenn Sie Ihre Einwilligung zur Speicherung widerrufen, wenn ihre Kenntnis zur Erf\u00fcllung des mit der Speicherung verfolgten Zwecks nicht mehr erforderlich ist oder wenn ihre Speicherung aus sonstigen gesetzlichen Gr\u00fcnden unzul\u00e4ssig ist.<\/p>\n<p>4. Auskunftsrecht Auf schriftliche Anfrage werden wir Sie gern \u00fcber die zu Ihrer Person gespeicherten Daten informieren.<\/p>\n<p>Sicherheitshinweis:<\/p>\n<p>Der Anbieter weist ausdr\u00fccklich darauf hin, dass die Daten\u00fcbertragung im Internet (z.B. bei der Kommunikation per E-Mail) Sicherheitsl\u00fccken aufweisen und nicht l\u00fcckenlos vor dem Zugriff durch Dritte gesch\u00fctzt werden kann.<\/p>\n<\/div>\n<\/div><\/div><\/div><\/div><\/div>","protected":false},"excerpt":{"rendered":"<p>6profisCare ist eine ProduktInitiative von F\u00f6hles &amp; Simons GbR\u00a0Inhaltlich verantwortlich gem\u00e4\u00df TMG: F\u00f6hles &amp; Simons Frank SimonsVon-Schaesberg-Weg 5441379 Br\u00fcggen Telefon: 02163 &#8211; 575 00 88 Telefax: 02163 &#8211; 575 00 99 E-Mail: Simons@fs-versicherung.de FS-VersicherungAutor, inhaltlich verantwortlich Frank SimonsWeitere Angaben nach Telemediengesetz Zust\u00e4ndige Kammer: Industrie- und Handelskammer Mittlerer Niederrhein Krefeld-M\u00f6nchengladbach-Neuss Nordwall 39 47798 Krefeld Telefon: 02151\/635-0 [&hellip;]<\/p>\n","protected":false},"author":1,"featured_media":0,"parent":0,"menu_order":0,"comment_status":"closed","ping_status":"closed","template":"","meta":[],"_links":{"self":[{"href":"https:\/\/www.6profiscare.de\/index.php\/wp-json\/wp\/v2\/pages\/3575"}],"collection":[{"href":"https:\/\/www.6profiscare.de\/index.php\/wp-json\/wp\/v2\/pages"}],"about":[{"href":"https:\/\/www.6profiscare.de\/index.php\/wp-json\/wp\/v2\/types\/page"}],"author":[{"embeddable":true,"href":"https:\/\/www.6profiscare.de\/index.php\/wp-json\/wp\/v2\/users\/1"}],"replies":[{"embeddable":true,"href":"https:\/\/www.6profiscare.de\/index.php\/wp-json\/wp\/v2\/comments?post=3575"}],"version-history":[{"count":6,"href":"https:\/\/www.6profiscare.de\/index.php\/wp-json\/wp\/v2\/pages\/3575\/revisions"}],"predecessor-version":[{"id":3913,"href":"https:\/\/www.6profiscare.de\/index.php\/wp-json\/wp\/v2\/pages\/3575\/revisions\/3913"}],"wp:attachment":[{"href":"https:\/\/www.6profiscare.de\/index.php\/wp-json\/wp\/v2\/media?parent=3575"}],"curies":[{"name":"wp","href":"https:\/\/api.w.org\/{rel}","templated":true}]}}