{"id":3563,"date":"2016-05-18T14:52:48","date_gmt":"2016-05-18T14:52:48","guid":{"rendered":"http:\/\/www.6profiscare.de\/?page_id=3563"},"modified":"2022-09-21T09:09:12","modified_gmt":"2022-09-21T09:09:12","slug":"antrag-ausfuellen","status":"publish","type":"page","link":"http:\/\/www.6profiscare.de\/index.php\/antrag-ausfuellen\/","title":{"rendered":"Antrag ausf\u00fcllen"},"content":{"rendered":"<div id=\"pl-3563\"  class=\"panel-layout\" ><div id=\"pg-3563-0\"  class=\"panel-grid panel-no-style\" ><div id=\"pgc-3563-0-0\"  class=\"panel-grid-cell\" ><div id=\"panel-3563-0-0-0\" class=\"so-panel widget widget_vr_banner aio-widget-banner panel-first-child\" data-index=\"0\" ><div class=\"aos-init panel-widget-style panel-widget-style-for-3563-0-0-0\" data-aos=\"fade-left\" data-aos-duration=\"300\" data-aos-easing=\"linear\" data-aos-anchor-placement=\"top-bottom\" data-aos-once=\"true\" >\t\t\r\n\t\t\t\t\t\t\t\t\r\n\t\t\t\t\t<article  class=\"banner-center clearfix \" >\r\n\t\t\t\t\t\t<div class=\"banner-inner\">\r\n\t\t\t\t\t\t\t<h2>Jetzt Antrag ausf\u00fcllen<\/h2>\r\n\t\t\t\t\t\t\t\t\t\t\t\t\t\t\t\t\t\t\t\t<\/div>\r\n\t\t\t\t\t<\/article>\r\n\t\t\t\r\n\t\t\t\t\t\t\r\n\t\t\t<\/div><\/div><div id=\"panel-3563-0-0-1\" class=\"so-panel widget widget_vr_text aio-widget-text panel-last-child\" data-index=\"1\" >\t\t\r\n\t\t\t\t<article class=\"text clearfix \" >\r\n\t\t\t\t\tHier bieten wir Dir die M\u00f6glichkeit schnell und unkompliziert den Antrag zu Deiner privaten 6profisCare-Krankenversicherung herunterzuladen und gleich am Rechner auszuf\u00fcllen. Sende uns den Antrag einfach per Post zur\u00fcck - wir k\u00fcmmern uns um den Rest.\t\t\t\t<\/article>\r\n\t\t\r\n\t\t\t<\/div><\/div><\/div><div id=\"pg-3563-1\"  class=\"panel-grid panel-no-style\" ><div id=\"pgc-3563-1-0\"  class=\"panel-grid-cell\" ><div id=\"panel-3563-1-0-0\" class=\"so-panel widget widget_text panel-first-child\" data-index=\"2\" ><div class=\"panel-widget-style panel-widget-style-for-3563-1-0-0\" >\t\t\t<div class=\"textwidget\"><h1 class=\"light\">Du hast Dich informiert und m\u00f6chtest sofort den Antrag ausf\u00fcllen und versichert sein? Kein Problem.<\/h1>\n\n<div style=\"text-align:center;\" ><a class=\"button-medium button-edge\" href=\"http:\/\/www.6profiscare.de\/wp-content\/uploads\/Antragsformular-inkl-SEPA-VfA-Beratungspr..pdf\" style=\"font-size:180%; color:#ffffff; border:2px solid #ffffff; white-space:normal;\" target=\"_blank\" rel=\"noopener\">Jetzt Antrag ausf\u00fcllen<\/a><\/div><\/div>\n\t\t<\/div><\/div><div id=\"panel-3563-1-0-1\" class=\"so-panel widget widget_sow-editor panel-last-child\" data-index=\"3\" ><div\n\t\t\t\n\t\t\tclass=\"so-widget-sow-editor so-widget-sow-editor-base\"\n\t\t\t\n\t\t>\n<div class=\"siteorigin-widget-tinymce textwidget\">\n\t<p>Hier kannst Du Dir das <strong><a style=\"color:#db1372;\" href=\"http:\/\/www.6profiscare.de\/wp-content\/uploads\/antrag_kv_2018.pdf\">Beratungsprotokoll herunterladen<\/a><\/strong>.<\/p>\n<\/div>\n<\/div><\/div><\/div><div id=\"pgc-3563-1-1\"  class=\"panel-grid-cell\" ><div id=\"panel-3563-1-1-0\" class=\"so-panel widget widget_vr_text aio-widget-text panel-first-child panel-last-child\" data-index=\"4\" ><div class=\"panel-widget-style panel-widget-style-for-3563-1-1-0\" >\t\t\r\n\t\t\t\t<article class=\"text clearfix \" >\r\n\t\t\t\t\t<img src=\"http:\/\/www.6profiscare.de\/wp-content\/uploads\/girl1.jpg\" class=\"\"  alt=\"picture\" \/>\t\t\t\t<\/article>\r\n\t\t\r\n\t\t\t<\/div><\/div><\/div><\/div><\/div>","protected":false},"excerpt":{"rendered":"<p>Du hast Dich informiert und m\u00f6chtest sofort den Antrag ausf\u00fcllen und versichert sein? Kein Problem. Jetzt Antrag ausf\u00fcllen Hier kannst Du Dir das Beratungsprotokoll herunterladen.<\/p>\n","protected":false},"author":1,"featured_media":0,"parent":0,"menu_order":0,"comment_status":"closed","ping_status":"closed","template":"","meta":[],"_links":{"self":[{"href":"http:\/\/www.6profiscare.de\/index.php\/wp-json\/wp\/v2\/pages\/3563"}],"collection":[{"href":"http:\/\/www.6profiscare.de\/index.php\/wp-json\/wp\/v2\/pages"}],"about":[{"href":"http:\/\/www.6profiscare.de\/index.php\/wp-json\/wp\/v2\/types\/page"}],"author":[{"embeddable":true,"href":"http:\/\/www.6profiscare.de\/index.php\/wp-json\/wp\/v2\/users\/1"}],"replies":[{"embeddable":true,"href":"http:\/\/www.6profiscare.de\/index.php\/wp-json\/wp\/v2\/comments?post=3563"}],"version-history":[{"count":6,"href":"http:\/\/www.6profiscare.de\/index.php\/wp-json\/wp\/v2\/pages\/3563\/revisions"}],"predecessor-version":[{"id":3908,"href":"http:\/\/www.6profiscare.de\/index.php\/wp-json\/wp\/v2\/pages\/3563\/revisions\/3908"}],"wp:attachment":[{"href":"http:\/\/www.6profiscare.de\/index.php\/wp-json\/wp\/v2\/media?parent=3563"}],"curies":[{"name":"wp","href":"https:\/\/api.w.org\/{rel}","templated":true}]}}