{"id":3484,"date":"2016-05-18T14:52:48","date_gmt":"2016-05-18T14:52:48","guid":{"rendered":"http:\/\/www.6profiscare.de\/?page_id=3484"},"modified":"2022-09-21T09:08:05","modified_gmt":"2022-09-21T09:08:05","slug":"6profis-de-hier-verkehrst-du-richtig","status":"publish","type":"page","link":"http:\/\/www.6profiscare.de\/index.php\/6profis-de-hier-verkehrst-du-richtig\/","title":{"rendered":"6profis.de &#8211; Hier verkehrst Du richtig"},"content":{"rendered":"<div id=\"pl-3484\"  class=\"panel-layout\" ><div id=\"pg-3484-0\"  class=\"panel-grid panel-no-style\" ><div id=\"pgc-3484-0-0\"  class=\"panel-grid-cell\" ><div id=\"panel-3484-0-0-0\" class=\"so-panel widget widget_vr_banner aio-widget-banner panel-first-child panel-last-child\" data-index=\"0\" ><div class=\"aos-init panel-widget-style panel-widget-style-for-3484-0-0-0\" data-aos=\"fade-down\" data-aos-duration=\"300\" data-aos-easing=\"linear\" data-aos-anchor-placement=\"top-bottom\" data-aos-once=\"true\" >\t\t\r\n\t\t\t\t\t\t\t\t\r\n\t\t\t\t\t<article  class=\"banner-center clearfix \" >\r\n\t\t\t\t\t\t<div class=\"banner-inner\">\r\n\t\t\t\t\t\t\t<h2><strong>Hier eintragen und kostenlos das gr\u00f6\u00dfte Werbenetzwerk der Branche testen<\/strong>\nHier verkehrst Du richtig!<\/h2>\r\n\t\t\t\t\t\t\t\t\t\t\t\t\t\t\t\t\t\t\t\t<\/div>\r\n\t\t\t\t\t<\/article>\r\n\t\t\t\r\n\t\t\t\t\t\t\r\n\t\t\t<\/div><\/div><\/div><\/div><div id=\"pg-3484-1\"  class=\"panel-grid panel-no-style\" ><div id=\"pgc-3484-1-0\"  class=\"panel-grid-cell\" ><div id=\"panel-3484-1-0-0\" class=\"so-panel widget widget_text panel-first-child panel-last-child\" data-index=\"1\" >\t\t\t<div class=\"textwidget\"><div class=\"arve wp-block-nextgenthemes-arve\" data-mode=\"normal\" data-oembed=\"1\" data-provider=\"youtube\" id=\"arve-youtube-4resgg08rtg69dc16a217a1e194895293\">\n<span class=\"arve-inner\">\n<span class=\"arve-embed arve-embed--has-aspect-ratio\">\n<span class=\"arve-ar\" style=\"padding-top:56.250000%\"><\/span><iframe allow=\"accelerometer; autoplay; clipboard-write; encrypted-media; gyroscope; picture-in-picture\" allowfullscreen class=\"arve-iframe fitvidsignore\" data-arve=\"arve-youtube-4resgg08rtg69dc16a217a1e194895293\" data-src-no-ap=\"https:\/\/www.youtube-nocookie.com\/embed\/4REsgg08Rtg?feature=oembed&amp;iv_load_policy=3&amp;modestbranding=1&amp;rel=0&amp;autohide=1&amp;playsinline=0&amp;autoplay=0\" frameborder=\"0\" sandbox=\"allow-scripts allow-same-origin allow-presentation allow-popups allow-popups-to-escape-sandbox\" scrolling=\"no\" src=\"https:\/\/www.youtube-nocookie.com\/embed\/4REsgg08Rtg?feature=oembed&#038;iv_load_policy=3&#038;modestbranding=1&#038;rel=0&#038;autohide=1&#038;playsinline=0&#038;autoplay=0\"><\/iframe>\n\n<\/span>\n\n<\/span>\n<script type=\"application\/ld+json\">{\"@context\":\"http:\\\/\\\/schema.org\\\/\",\"@id\":\"#arve-youtube-4resgg08rtg69dc16a217a1e194895293\",\"type\":\"VideoObject\",\"embedURL\":\"https:\\\/\\\/www.youtube-nocookie.com\\\/embed\\\/4REsgg08Rtg?feature=oembed&iv_load_policy=3&modestbranding=1&rel=0&autohide=1&playsinline=0&autoplay=0\"}<\/script>\n<\/div>\n\n<\/div>\n\t\t<\/div><\/div><div id=\"pgc-3484-1-1\"  class=\"panel-grid-cell\" ><div id=\"panel-3484-1-1-0\" class=\"so-panel widget widget_sow-editor panel-first-child panel-last-child\" data-index=\"2\" ><div\n\t\t\t\n\t\t\tclass=\"so-widget-sow-editor so-widget-sow-editor-base\"\n\t\t\t\n\t\t>\n<div class=\"siteorigin-widget-tinymce textwidget\">\n\t<p>Zeig was Du hast: Nichts ist so einfach, wie Dich, Dein Team oder Deine ganze Location einer riesigen Netzgemeinde professionell zu pr\u00e4sentieren.<\/p>\n<p>Deine Inserate kannst Du auf Wunsch unkompliziert an andere Dienstleister oder Portale weiterleiten und somit insgesamt bis zu 50 Millionen Besucher pro Monat erreichen.<\/p>\n<p><strong>Exklusives Angebot:<\/strong> Du kannst einen ganzen Monat v\u00f6llig kostenlos testen - Die Ergebnisse sp\u00fcrst Du schnell, denn wir betreiben Kundenbindung mit Leistung und nicht mit Vertr\u00e4gen!<\/p>\n<p><strong>Bedienung und Pflege sind dabei denkbar einfach:<\/strong> Einloggen, Profil mit wenigen Klicks anlegen, Fotos hochladen, ausloggen. Schneller als jede E-Mail und jedes \u201eExperten-Gespr\u00e4ch\u201c. Deine Kunden sehen, was ansteht und wer bei Dir bereitsteht \u2013 nicht erst morgen, sondern bereits ein paar Sekunden sp\u00e4ter.<\/p>\n<p><strong>Das Beste daran:<\/strong> Du pflegst Deine Daten nur einmal ein und auf Wunsch wird dein Profil \u00fcber unsere Schnittstelle zu zahlreichen Portalen \u00fcbertragen. Hinzu kommt Deine bestehende Homepage sowie s\u00e4mtliche gro\u00dfen Social Networks.<\/p>\n<p>Du hast noch Fragen oder w\u00fcnschst eine Beratung?<br \/> <a style=\"color: #db1372; text-decoration: underline;\" href=\"http:\/\/www.6profis.de\/impressum.php\" target=\"_blank\" rel=\"noopener\">Hier findest Du unsere Kontaktdaten<\/a><\/p>\n<\/div>\n<\/div><\/div><\/div><\/div><div id=\"pg-3484-2\"  class=\"panel-grid panel-no-style\" ><div id=\"pgc-3484-2-0\"  class=\"panel-grid-cell\" ><div id=\"panel-3484-2-0-0\" class=\"so-panel widget widget_vr_banner aio-widget-banner panel-first-child panel-last-child\" data-index=\"3\" ><div class=\"aos-init light panel-widget-style panel-widget-style-for-3484-2-0-0\" data-aos=\"fade-left\" data-aos-duration=\"300\" data-aos-easing=\"linear\" data-aos-anchor-placement=\"top-bottom\" data-aos-once=\"true\" >\t\t\r\n\t\t\t\t\t\t\t\t\r\n\t\t\t\t\t<article  class=\"banner-center clearfix \" >\r\n\t\t\t\t\t\t<div class=\"banner-inner\">\r\n\t\t\t\t\t\t\t<h2><b>Jetzt hier eintragen und unverbindlich beraten lassen!<\/b><\/h2>\r\n\t\t\t\t\t\t\t\t\t\t\t\t\t\t\t\t\t\t\t\t<\/div>\r\n\t\t\t\t\t<\/article>\r\n\t\t\t\r\n\t\t\t\t\t\t\r\n\t\t\t<\/div><\/div><\/div><\/div><div id=\"pg-3484-3\"  class=\"panel-grid panel-no-style\" ><div id=\"pgc-3484-3-0\"  class=\"panel-grid-cell\" ><div id=\"panel-3484-3-0-0\" class=\"so-panel widget widget_vr_text aio-widget-text panel-first-child panel-last-child\" data-index=\"4\" ><h3 class=\"widget-title\">Deine Kontaktdaten<\/h3>\t\t\r\n\t\t\t\t<article class=\"text clearfix \" >\r\n\t\t\t\t\t<div role=\"form\" class=\"wpcf7\" id=\"wpcf7-f3672-o1\" lang=\"en-US\" dir=\"ltr\">\n<div class=\"screen-reader-response\"><p role=\"status\" aria-live=\"polite\" aria-atomic=\"true\"><\/p> <ul><\/ul><\/div>\n<form action=\"\/index.php\/wp-json\/wp\/v2\/pages\/3484#wpcf7-f3672-o1\" method=\"post\" class=\"wpcf7-form init\" novalidate=\"novalidate\" data-status=\"init\">\n<div style=\"display: none;\">\n<input type=\"hidden\" name=\"_wpcf7\" value=\"3672\" \/>\n<input type=\"hidden\" name=\"_wpcf7_version\" value=\"5.6.3\" \/>\n<input type=\"hidden\" name=\"_wpcf7_locale\" value=\"en_US\" \/>\n<input type=\"hidden\" name=\"_wpcf7_unit_tag\" value=\"wpcf7-f3672-o1\" \/>\n<input type=\"hidden\" name=\"_wpcf7_container_post\" value=\"0\" \/>\n<input type=\"hidden\" name=\"_wpcf7_posted_data_hash\" value=\"\" \/>\n<\/div>\n<style>\nspan.wpcf7-list-item{\ndisplay:block;\nmargin-bottom:20px;\n}\n<\/style>\n<div class=\"row\">\n<div class=\"form-group col-md-6\">\n<div class=\"form-icon\"><i class=\"fa fa-user\"><\/i>Dein Name <span>*<\/span><\/div>\n<p><span class=\"wpcf7-form-control-wrap\" data-name=\"your-name\"><input type=\"text\" name=\"your-name\" value=\"\" size=\"40\" class=\"wpcf7-form-control wpcf7-text wpcf7-validates-as-required\" aria-required=\"true\" aria-invalid=\"false\" \/><\/span>\n<\/p><\/div>\n<div class=\"form-group col-md-6\">\n<div class=\"form-icon\"><i class=\"fa fa-phone\"><\/i>Deine Telefonnummer <span>*<\/span><\/div>\n<p><span class=\"wpcf7-form-control-wrap\" data-name=\"telefon\"><input type=\"tel\" name=\"telefon\" value=\"\" size=\"40\" class=\"wpcf7-form-control wpcf7-text wpcf7-tel wpcf7-validates-as-required wpcf7-validates-as-tel\" aria-required=\"true\" aria-invalid=\"false\" \/><\/span>\n<\/p><\/div>\n<p><!--\n<div class=\"form-group col-md-12\">\n<div class=\"form-icon\"><i class=\"fa fa-check\"><\/i>6profis.de-Vorteil <span>*<\/span><\/div>\n<p><span class=\"wpcf7-form-control-wrap\" data-name=\"kunde6profis\"><span class=\"wpcf7-form-control wpcf7-checkbox wpcf7-validates-as-required wpcf7-exclusive-checkbox\"><span class=\"wpcf7-list-item first\"><input type=\"checkbox\" name=\"kunde6profis\" value=\"Ich bin noch kein PremiumKunde bei 6profis.de. Auch ich m\u00f6chte die Vorteile von 6profis.de kennenlernen. Ich bitte um Kontakt, damit ich das einzigartige System unverbindlich und kostenlos testen kann.\" \/><span class=\"wpcf7-list-item-label\">Ich bin noch kein PremiumKunde bei 6profis.de. Auch ich m\u00f6chte die Vorteile von 6profis.de kennenlernen. Ich bitte um Kontakt, damit ich das einzigartige System unverbindlich und kostenlos testen kann.<\/span><\/span><span class=\"wpcf7-list-item last\"><input type=\"checkbox\" name=\"kunde6profis\" value=\"Ich bereits Kunde bei 6profis.de. Als PremiumKunde genie\u00dft Du bereits alle Vorteile und Funktionen von 6profis.de Kunden.\" \/><span class=\"wpcf7-list-item-label\">Ich bereits Kunde bei 6profis.de. Als PremiumKunde genie\u00dft Du bereits alle Vorteile und Funktionen von 6profis.de Kunden.<\/span><\/span><\/span><\/span><\/p><\/div>\n<p>--><\/p>\n<div class=\"form-group col-md-12\">\n<p><input type=\"submit\" value=\"Jetzt Beratungsgespr\u00e4ch anfordern\" class=\"wpcf7-form-control has-spinner wpcf7-submit\" \/><\/p>\n<\/div>\n<\/div>\n<p style=\"display: none !important;\"><label>&#916;<textarea name=\"_wpcf7_ak_hp_textarea\" cols=\"45\" rows=\"8\" maxlength=\"100\"><\/textarea><\/label><input type=\"hidden\" id=\"ak_js_1\" name=\"_wpcf7_ak_js\" value=\"250\"\/><script>document.getElementById( \"ak_js_1\" ).setAttribute( \"value\", ( new Date() ).getTime() );<\/script><\/p><div class=\"wpcf7-response-output\" aria-hidden=\"true\"><\/div><\/form><\/div>\t\t\t\t<\/article>\r\n\t\t\r\n\t\t\t<\/div><\/div><div id=\"pgc-3484-3-1\"  class=\"panel-grid-cell\" ><div id=\"panel-3484-3-1-0\" class=\"so-panel widget widget_vr_text aio-widget-text panel-first-child panel-last-child\" data-index=\"5\" ><div class=\"light panel-widget-style panel-widget-style-for-3484-3-1-0\" >\t\t\r\n\t\t\t\t<article class=\"text clearfix \" >\r\n\t\t\t\t\t<style>\ntable td, table th{\nborder:none !important;\npadding:0;}\n<\/style>\n<h3 class=\"widget-title\">Das 6profis.de-Team erreichst Du unter:<\/h3>\n<table style=\"border:none;\">\n\t<tbody>\n\t\t\n\t\t<tr>\n\t\t\t<td>\n\t\t\t\t<strong>Telefon:<\/strong><\/td>\n\t\t\t<td>\n\t\t\t\t0 26 45 \/ 70 48 7-0<\/td>\n\t\t<\/tr>\n\t\t<tr>\n\t\t\t<td>\n\t\t\t\t<strong>Telefax:<\/strong><\/td>\n\t\t\t<td>\n\t\t\t\t0 26 45 \/ 70 48 7-98<\/td>\n\t\t<\/tr>\n\t\t<tr>\n\t\t\t<td colspan=\"2\">\n\t\t\t\t\u00a0<\/td>\n\t\t\t\n\t\t<\/tr>\n\t\t<tr>\n\t\t\t<td>\n\t\t\t\t<strong>E-Mail:<\/strong><\/td>\n\t\t\t<td>\n\t\t\t\tkontakt@6profis.de<\/td>\n\t\t<\/tr>\n\t\t\n\t\t\n\t\t\n\t\t<tr>\n\t\t\t<td colspan=\"2\" style=\"height:10px;\">\n\t\t\t\t\u00a0<\/td>\n\t\t\t\n\t\t<\/tr>\n\t\t\n\t\t<tr>\n\t\t\t<td>\n\t\t\t\t<strong>Mo-Do:<\/strong><\/td>\n\t\t\t<td>\n\t\t\t\t09:00-17:00 Uhr<\/td>\n\t\t<\/tr>\n\t\t<tr>\n\t\t\t<td>\n\t\t\t\t<strong>Fr:<\/strong><\/td>\n\t\t\t<td>\n\t\t\t\t09:00-16:00 Uhr<\/td>\n\t\t<\/tr>\n\t<\/tbody>\n<\/table>\t\t\t\t<\/article>\r\n\t\t\r\n\t\t\t<\/div><\/div><\/div><\/div><div id=\"pg-3484-4\"  class=\"panel-grid panel-no-style\" ><div id=\"pgc-3484-4-0\"  class=\"panel-grid-cell\" ><div id=\"panel-3484-4-0-0\" class=\"so-panel widget widget_text panel-first-child panel-last-child\" data-index=\"6\" >\t\t\t<div class=\"textwidget\"><style>\n.featurelist li{margin-bottom:15px;}\n.featurelist li b{display:block; font-size:120%;}\n<\/style>\n\n<h2 style=\"color:#db1372;\">Deine Vorteile:<\/h2>\n<ul class=\"featurelist\">\n \t<li><b>Mehr als bis zu 50 Mio Besucher - Mehr Kunden f\u00fcr Dich<\/b> 6profis.de ist eines der besucherst\u00e4rksten Zielgruppenportale. Mit dem suchmaschinenoptimierten Profil auf 6profis.de bist Du gut platziert. Zudem verf\u00fcgt 6profis.de \u00fcber ein Kooperationsnetzwerk mit bis zu 25 Portalen mit mehr als bis zu 50 Mio Besuchern im Monat.<\/li>\n \t<li><b>Deine Daten - einmal eingestellt, \u00fcberall verteilt<\/b> \u00dcber zahlreiche Schnittstellen und Versandmethoden transportieren wir Deine Daten dorthin, wo Du sie haben m\u00f6chtest. Nicht nur Deine bestehende Homepage kann automatisch aktualisiert werden. Egal ob es zu einem unserer Wettbewerber gehen soll, einem Deiner Dienstleister oder Agentur.\n\nAuch um Deine Profile bei Facebook, Twitter und Google+ k\u00fcmmert sich unser System voll automatisch.\n\nDabei entscheidest Du, was \u00fcbertragen werden soll: Eine Sedcard, eine News, ein Event oder alles auf einmal.<\/li>\n \t<li><b>Grenzenlos unabh\u00e4ngig - Sedcards, Bilder und Videos so viel du m\u00f6chtest<\/b> Bei uns gibt es keine Beschr\u00e4nkungen f\u00fcr Bilder, Videos oder Sedcards. Je nach Tarif kannst Du eine begrenzte Anzahl an Sedcards \u00f6ffentlich sichtbar machen.Anlegen kannst Du so viele, wie Du m\u00f6chtest. Auch Bilder und Videos kannst Du so viele anzeigen, wie du m\u00f6chtest. Nat\u00fcrlich kannst Du Deine Bilder und Videos \u00fcber ein Passwort auch nur Deinen Stammkunden zug\u00e4nglich machen.<\/li>\n \t<li><b>Informiere Deine Kunden - auch von unterwegs<\/b> Mit dem Newsblog, dem Eventkalender und der Newsletterfunktion sind Deine Kunden immer up-to-date. Oder suchst Du Verst\u00e4rkung f\u00fcr Dein Team? Mit einem Klick sind alle informiert.<\/li>\n \t<li><b>Die mobile Zukunft funktioniert schon heute.<\/b> Egal ob per Computer, Tablet oder Smartphone: Selbst mit einem uralten Handy kannst Du Dein Inserat steuern. Mit der Mobilversion von 6profis.de sind Deine Kunden auch unterwegs bestens informiert.<\/li>\n \t<li><b>Deine eigene Homepage - sicher und rechtens<\/b> Deine eigene Homepage ist einfach so mit dabei. Es sei denn, Du hast bereits eine eigene Webseite. Diese kannst Du weiterhin auch mit unserem System nutzen. F\u00fcr Deine rechtliche Sicherheit bieten wir \u00fcber einen Kooperationspartner kostenlos einen Impressumsschutz und Jugendschutzbeauftragten an.<\/li>\n \t<li><b>Wer ist heute da?<\/b> Mach es Deinen G\u00e4sten einfach. Mit unserer Anwesenheitssteuerung kannst Du Deinen G\u00e4sten zeigen, wer von Deinem Team gerade erreichbar ist.<\/li>\n \t<li><b>Alles drin, was Du brauchst - ohne Computerkenntnisse<\/b> Mit 6profis.de verwaltest Du Deine Daten ganz zentral ohne mehrfach einzugeben:Bilder bearbeiten? Kein Problem.\nArchiv? Ist dabei.\nGutscheinfunktion, Ratgeber und Fotografenverzeichnis sind ebenfalls im Preis enthalten.<\/li>\n \t<li><b>Ob ganz gro\u00df oder allein: 6profis.de wird f\u00fcr Dich passend sein<\/b> Egal ob Einzelmodel ohne Homepage oder Betreiber mit vielen Standorten und vielen Homepages: 6profis.de bietet f\u00fcr alle den passenden Tarif an. Mit dem Multiaccount von 6profis.de kannst Du zudem alles zentral und einfach steuern. Werbung im Internet kann so einfach sein.<\/li>\n<\/ul><\/div>\n\t\t<\/div><\/div><\/div><\/div>","protected":false},"excerpt":{"rendered":"<p>Zeig was Du hast: Nichts ist so einfach, wie Dich, Dein Team oder Deine ganze Location einer riesigen Netzgemeinde professionell zu pr\u00e4sentieren. Deine Inserate kannst Du auf Wunsch unkompliziert an andere Dienstleister oder Portale weiterleiten und somit insgesamt bis zu 50 Millionen Besucher pro Monat erreichen. Exklusives Angebot: Du kannst einen ganzen Monat v\u00f6llig kostenlos [&hellip;]<\/p>\n","protected":false},"author":1,"featured_media":0,"parent":0,"menu_order":0,"comment_status":"closed","ping_status":"closed","template":"","meta":[],"_links":{"self":[{"href":"http:\/\/www.6profiscare.de\/index.php\/wp-json\/wp\/v2\/pages\/3484"}],"collection":[{"href":"http:\/\/www.6profiscare.de\/index.php\/wp-json\/wp\/v2\/pages"}],"about":[{"href":"http:\/\/www.6profiscare.de\/index.php\/wp-json\/wp\/v2\/types\/page"}],"author":[{"embeddable":true,"href":"http:\/\/www.6profiscare.de\/index.php\/wp-json\/wp\/v2\/users\/1"}],"replies":[{"embeddable":true,"href":"http:\/\/www.6profiscare.de\/index.php\/wp-json\/wp\/v2\/comments?post=3484"}],"version-history":[{"count":31,"href":"http:\/\/www.6profiscare.de\/index.php\/wp-json\/wp\/v2\/pages\/3484\/revisions"}],"predecessor-version":[{"id":3906,"href":"http:\/\/www.6profiscare.de\/index.php\/wp-json\/wp\/v2\/pages\/3484\/revisions\/3906"}],"wp:attachment":[{"href":"http:\/\/www.6profiscare.de\/index.php\/wp-json\/wp\/v2\/media?parent=3484"}],"curies":[{"name":"wp","href":"https:\/\/api.w.org\/{rel}","templated":true}]}}