{"id":3470,"date":"2016-05-18T14:52:48","date_gmt":"2016-05-18T14:52:48","guid":{"rendered":"http:\/\/www.6profiscare.de\/?page_id=3470"},"modified":"2022-09-21T09:14:00","modified_gmt":"2022-09-21T09:14:00","slug":"krankenversicherung-fur-prostituierte","status":"publish","type":"page","link":"http:\/\/www.6profiscare.de\/index.php\/krankenversicherung-fur-prostituierte\/","title":{"rendered":"Krankenversicherung f\u00fcr Prostituierte"},"content":{"rendered":"<div id=\"pl-3470\"  class=\"panel-layout\" ><div id=\"pg-3470-0\"  class=\"panel-grid panel-no-style\" ><div id=\"pgc-3470-0-0\"  class=\"panel-grid-cell\" ><div id=\"panel-3470-0-0-0\" class=\"so-panel widget widget_vr_banner aio-widget-banner panel-first-child\" data-index=\"0\" ><div class=\"aos-init panel-widget-style panel-widget-style-for-3470-0-0-0\" data-aos=\"fade-down\" data-aos-duration=\"300\" data-aos-easing=\"linear\" data-aos-anchor-placement=\"top-bottom\" data-aos-once=\"true\" >\t\t\r\n\t\t\t\t\t\t\t\t\r\n\t\t\t\t\t<article  class=\"banner-center clearfix \" >\r\n\t\t\t\t\t\t<div class=\"banner-inner\">\r\n\t\t\t\t\t\t\t<h2>Ab sofort ist es f\u00fcr Prostituierte auch offiziell m\u00f6glich, eine Krankenversicherung abzuschliessen, wenn sie anderswo nicht angenommen werden.<\/h2>\r\n\t\t\t\t\t\t\t\t\t\t\t\t\t\t\t\t\t\t\t\t<\/div>\r\n\t\t\t\t\t<\/article>\r\n\t\t\t\r\n\t\t\t\t\t\t\r\n\t\t\t<\/div><\/div><div id=\"panel-3470-0-0-1\" class=\"so-panel widget widget_sow-editor\" data-index=\"1\" ><div\n\t\t\t\n\t\t\tclass=\"so-widget-sow-editor so-widget-sow-editor-base\"\n\t\t\t\n\t\t>\n<div class=\"siteorigin-widget-tinymce textwidget\">\n\t<p>6profisCare ist die <strong>Notl\u00f6sung f\u00fcr Prostituierte:<\/strong><\/p>\n<p>Auch wenn die Leistungen gegen\u00fcber gesetzlichen Krankenversicherungen (GKV) und regul\u00e4ren privaten Krankenversicherungen (PKV) reduziert bzw. eingeschr\u00e4nkt sind, bietet 6profisCare Prostituierten die M\u00f6glichkeit sich offiziell als Prostituierte\u00a0zu versichern.<\/p>\n<p>In Deutschland\u00a0besteht\u00a0zwar\u00a0Krankenversicherungspflicht, doch bleibt vielen Prostituierten in der Praxis der Zugang zu einer Krankenversicherung verwehrt.<\/p>\n<p>Daher sind auch heute noch viele Prostituierte:<\/p>\n<ul>\n<li style=\"padding-left: 30px;\">nicht krankenversichert<\/li>\n<li style=\"padding-left: 30px;\">nicht als Prostituierte krankenversichert<\/li>\n<li style=\"padding-left: 30px;\">falsch krankenversichert<\/li>\n<\/ul>\n<p>Nebenberuflichen Prostituierten ist der Zugang zur Krankenversicherung wesentlich erleichtert, da diese \u00fcber den Hauptberuf versichert sind. Hingegen sind Personen, die hauptberuflich als Prostituierte arbeiten erheblich benachteiligt. In der Praxis weigern Versicherer sich, eine Krankenversicherung f\u00fcr Prostituierte anzubieten bzw. abzuschliessen. Prostituierte waren daher bisher gesundheitlich, finanziell und auch rechtlich aufgrund der Krankenversicherungspflicht erheblich benachteiligt.<\/p>\n<h2>Beratungsstellen helfen bei der\u00a0GKV.<\/h2>\n<p>Die Mitglieder des <strong><a href=\"http:\/\/www.bufas.net\/mitglieder\/\">B\u00fcndnisses der Fachberatungsstellen\u00a0(BUFAS.net)<\/a><\/strong>. sind Prostituierten regelm\u00e4\u00dfig bei der Suche nach einer gesetzlichen Krankenversicherung behilflich.<\/p>\n<p>Zur \u00dcberbr\u00fcckung und\/oder wenn die Suche nach einer Krankenversicherung erfolglos war, erm\u00f6glicht 6profisCARE Prostituierten den Zugang zu gesundheitlicher, finanzieller und rechtlicher Sicherheit zu g\u00fcnstigen und bezahlbaren Konditionen. Die H\u00f6he der Beitr\u00e4ge richten sich rein nach dem Alter der versicherten Person.<\/p>\n<h2>Warum offiziell als Prostituierte krankenversichern?<\/h2>\n<p>Eine offizielle schriftliche Best\u00e4tigung der Krankenversicherung unter Angabe der korrekten Berufsbezeichnung ist ratsam. Erfahrungsgem\u00e4\u00df schlie\u00dfen Versicherer diese Berufsgruppe in ihren Versicherungsbedingungen aus. Nicht immer ist dieser Ausschluss im Kleingedruckten aufgrund der Umschreibungen ersichtlich. Der Abschluss einer Krankenversicherung ist f\u00fcr Prostituierte ohne Angabe der Berufsbezeichnung daher ein gro\u00dfes Risiko.<\/p>\n<h2>Selbstbeteiligung<\/h2>\n<p>6profisCare bietet in jedem Tarif die M\u00f6glichkeit, den Monatsbeitrag \u00fcber die gew\u00e4hlte Selbstbeteiligung zu verringern. Mit der Selbstbeteiligung legt der Versicherungsnehmer fest, wie hoch der j\u00e4hrliche, selbst zu tragende Anteil an den Behandlungskosten pro Kalenderjahr sein soll. Mit der H\u00f6he der Selbstbeteiligung kann die Beitragsh\u00f6he reduziert werden. Grunds\u00e4tzlich ist eine Krankenversicherung auch ganz ohne Selbstbeteiligung m\u00f6glich.<\/p>\n<\/div>\n<\/div><\/div><div id=\"panel-3470-0-0-2\" class=\"so-panel widget widget_text panel-last-child\" data-index=\"2\" ><div class=\"panel-widget-style panel-widget-style-for-3470-0-0-2\" >\t\t\t<div class=\"textwidget\"><h1 class=\"light\">6profisCARE wurde speziell f\u00fcr Prostituierte ins Leben gerufen, um der Berufsgruppe einen offiziellen Zugang zur Krankenversicherung zu erm\u00f6glichen, wenn die Suche anderswo erfolglos war.<\/h1>\n\n<div style=\"text-align:center;\" ><a class=\"button-medium button-edge\" href=\"https:\/\/www.6profiscare.de\/index.php\/beratungsgesprach-anfordern\/\" style=\"font-size:180%; color:#ffffff; border:2px solid #ffffff; white-space:normal;\">Jetzt Beratungsgespr\u00e4ch anfordern<\/a><\/div><\/div>\n\t\t<\/div><\/div><\/div><\/div><\/div>","protected":false},"excerpt":{"rendered":"<p>6profisCare ist die Notl\u00f6sung f\u00fcr Prostituierte:Auch wenn die Leistungen gegen\u00fcber gesetzlichen Krankenversicherungen (GKV) und regul\u00e4ren privaten Krankenversicherungen (PKV) reduziert bzw. eingeschr\u00e4nkt sind, bietet 6profisCare Prostituierten die M\u00f6glichkeit sich offiziell als Prostituierte\u00a0zu versichern.In Deutschland\u00a0besteht\u00a0zwar\u00a0Krankenversicherungspflicht, doch bleibt vielen Prostituierten in der Praxis der Zugang zu einer Krankenversicherung verwehrt.Daher sind auch heute noch viele Prostituierte:nicht krankenversichertnicht als Prostituierte [&hellip;]<\/p>\n","protected":false},"author":1,"featured_media":0,"parent":0,"menu_order":0,"comment_status":"closed","ping_status":"closed","template":"","meta":[],"_links":{"self":[{"href":"http:\/\/www.6profiscare.de\/index.php\/wp-json\/wp\/v2\/pages\/3470"}],"collection":[{"href":"http:\/\/www.6profiscare.de\/index.php\/wp-json\/wp\/v2\/pages"}],"about":[{"href":"http:\/\/www.6profiscare.de\/index.php\/wp-json\/wp\/v2\/types\/page"}],"author":[{"embeddable":true,"href":"http:\/\/www.6profiscare.de\/index.php\/wp-json\/wp\/v2\/users\/1"}],"replies":[{"embeddable":true,"href":"http:\/\/www.6profiscare.de\/index.php\/wp-json\/wp\/v2\/comments?post=3470"}],"version-history":[{"count":8,"href":"http:\/\/www.6profiscare.de\/index.php\/wp-json\/wp\/v2\/pages\/3470\/revisions"}],"predecessor-version":[{"id":3915,"href":"http:\/\/www.6profiscare.de\/index.php\/wp-json\/wp\/v2\/pages\/3470\/revisions\/3915"}],"wp:attachment":[{"href":"http:\/\/www.6profiscare.de\/index.php\/wp-json\/wp\/v2\/media?parent=3470"}],"curies":[{"name":"wp","href":"https:\/\/api.w.org\/{rel}","templated":true}]}}